{"id":643,"date":"2026-04-11T23:32:07","date_gmt":"2026-04-11T21:32:07","guid":{"rendered":"https:\/\/acdbenicense.com\/?page_id=643"},"modified":"2026-04-11T23:32:58","modified_gmt":"2026-04-11T21:32:58","slug":"politica-de-privacidad","status":"publish","type":"page","link":"https:\/\/acdbenicense.com\/?page_id=643","title":{"rendered":"Pol\u00edtica de privacidad"},"content":{"rendered":"\n<p><strong>POL\u00cdTICA DE PRIVACIDAD<\/strong><\/p>\n\n\n\n<p><strong>Responsable del tratamiento:<\/strong> ACD Benicense \u2014 CIF: G12297560 <strong>Direcci\u00f3n:<\/strong> C\/ Secretario Chornet, 23, C.P. 12560, Benicassim (Castell\u00f3n) <strong>Email:<\/strong> <a href=\"mailto:acdbenicense1992@gmail.com\">acdbenicense1992@gmail.com<\/a><\/p>\n\n\n\n<p><strong>\u00bfQu\u00e9 datos recogemos?<\/strong> Los datos personales que nos facilites a trav\u00e9s del formulario de contacto: nombre, email y tel\u00e9fono.<\/p>\n\n\n\n<p><strong>\u00bfPara qu\u00e9 los usamos?<\/strong> \u00danicamente para responder a tu consulta o solicitud de informaci\u00f3n sobre el club.<\/p>\n\n\n\n<p><strong>\u00bfDurante cu\u00e1nto tiempo los guardamos?<\/strong> El tiempo necesario para atender tu consulta y en cumplimiento de las obligaciones legales.<\/p>\n\n\n\n<p><strong>\u00bfCu\u00e1les son tus derechos?<\/strong> Tienes derecho a acceder, rectificar, suprimir, limitar y oponerte al tratamiento de tus datos. Puedes ejercerlos enviando un email a <a href=\"mailto:acdbenicense1992@gmail.com\">acdbenicense1992@gmail.com<\/a>.<\/p>\n\n\n\n<p><strong>Base legal del tratamiento:<\/strong> Consentimiento del interesado.<\/p>\n","protected":false},"excerpt":{"rendered":"<p>POL\u00cdTICA DE PRIVACIDAD Responsable del tratamiento: ACD Benicense \u2014 CIF: G12297560 Direcci\u00f3n: C\/ Secretario Chornet, 23, C.P. 12560, Benicassim (Castell\u00f3n) Email: acdbenicense1992@gmail.com \u00bfQu\u00e9 datos recogemos? Los datos personales que nos facilites a trav\u00e9s del formulario de contacto: nombre, email y tel\u00e9fono. \u00bfPara qu\u00e9 los usamos? \u00danicamente para responder a tu consulta o solicitud de informaci\u00f3n&#8230;<\/p>\n","protected":false},"author":1,"featured_media":0,"parent":0,"menu_order":0,"comment_status":"closed","ping_status":"closed","template":"","meta":{"_kad_post_transparent":"","_kad_post_title":"","_kad_post_layout":"","_kad_post_sidebar_id":"","_kad_post_content_style":"","_kad_post_vertical_padding":"","_kad_post_feature":"","_kad_post_feature_position":"","_kad_post_header":false,"_kad_post_footer":false,"_kad_post_classname":"","footnotes":""},"class_list":["post-643","page","type-page","status-publish","hentry"],"yoast_head":"<!-- This site is optimized with the Yoast SEO plugin v27.3 - https:\/\/yoast.com\/product\/yoast-seo-wordpress\/ -->\n<title>Pol\u00edtica de privacidad - ACD BENICENSE<\/title>\n<meta name=\"robots\" content=\"index, follow, max-snippet:-1, max-image-preview:large, max-video-preview:-1\" \/>\n<link rel=\"canonical\" href=\"https:\/\/acdbenicense.com\/?page_id=643\" \/>\n<meta property=\"og:locale\" content=\"es_ES\" \/>\n<meta property=\"og:type\" content=\"article\" \/>\n<meta property=\"og:title\" content=\"Pol\u00edtica de privacidad - ACD BENICENSE\" \/>\n<meta property=\"og:description\" content=\"POL\u00cdTICA DE PRIVACIDAD Responsable del tratamiento: ACD Benicense \u2014 CIF: G12297560 Direcci\u00f3n: C\/ Secretario Chornet, 23, C.P. 12560, Benicassim (Castell\u00f3n) Email: acdbenicense1992@gmail.com \u00bfQu\u00e9 datos recogemos? Los datos personales que nos facilites a trav\u00e9s del formulario de contacto: nombre, email y tel\u00e9fono. \u00bfPara qu\u00e9 los usamos? \u00danicamente para responder a tu consulta o solicitud de informaci\u00f3n...\" \/>\n<meta property=\"og:url\" content=\"https:\/\/acdbenicense.com\/?page_id=643\" \/>\n<meta property=\"og:site_name\" content=\"ACD BENICENSE\" \/>\n<meta property=\"article:modified_time\" content=\"2026-04-11T21:32:58+00:00\" \/>\n<meta name=\"twitter:card\" content=\"summary_large_image\" \/>\n<meta name=\"twitter:label1\" content=\"Tiempo de lectura\" \/>\n\t<meta name=\"twitter:data1\" content=\"1 minuto\" \/>\n<script type=\"application\/ld+json\" class=\"yoast-schema-graph\">{\"@context\":\"https:\\\/\\\/schema.org\",\"@graph\":[{\"@type\":\"WebPage\",\"@id\":\"https:\\\/\\\/acdbenicense.com\\\/?page_id=643\",\"url\":\"https:\\\/\\\/acdbenicense.com\\\/?page_id=643\",\"name\":\"Pol\u00edtica de privacidad - ACD BENICENSE\",\"isPartOf\":{\"@id\":\"https:\\\/\\\/acdbenicense.com\\\/#website\"},\"datePublished\":\"2026-04-11T21:32:07+00:00\",\"dateModified\":\"2026-04-11T21:32:58+00:00\",\"breadcrumb\":{\"@id\":\"https:\\\/\\\/acdbenicense.com\\\/?page_id=643#breadcrumb\"},\"inLanguage\":\"es\",\"potentialAction\":[{\"@type\":\"ReadAction\",\"target\":[\"https:\\\/\\\/acdbenicense.com\\\/?page_id=643\"]}]},{\"@type\":\"BreadcrumbList\",\"@id\":\"https:\\\/\\\/acdbenicense.com\\\/?page_id=643#breadcrumb\",\"itemListElement\":[{\"@type\":\"ListItem\",\"position\":1,\"name\":\"Portada\",\"item\":\"https:\\\/\\\/acdbenicense.com\\\/\"},{\"@type\":\"ListItem\",\"position\":2,\"name\":\"Pol\u00edtica de privacidad\"}]},{\"@type\":\"WebSite\",\"@id\":\"https:\\\/\\\/acdbenicense.com\\\/#website\",\"url\":\"https:\\\/\\\/acdbenicense.com\\\/\",\"name\":\"ACD BENICENSE\",\"description\":\"Asociaci\u00f3n Cultural y Deportiva Benicense\",\"publisher\":{\"@id\":\"https:\\\/\\\/acdbenicense.com\\\/#organization\"},\"potentialAction\":[{\"@type\":\"SearchAction\",\"target\":{\"@type\":\"EntryPoint\",\"urlTemplate\":\"https:\\\/\\\/acdbenicense.com\\\/?s={search_term_string}\"},\"query-input\":{\"@type\":\"PropertyValueSpecification\",\"valueRequired\":true,\"valueName\":\"search_term_string\"}}],\"inLanguage\":\"es\"},{\"@type\":\"Organization\",\"@id\":\"https:\\\/\\\/acdbenicense.com\\\/#organization\",\"name\":\"ACD BENICENSE\",\"url\":\"https:\\\/\\\/acdbenicense.com\\\/\",\"logo\":{\"@type\":\"ImageObject\",\"inLanguage\":\"es\",\"@id\":\"https:\\\/\\\/acdbenicense.com\\\/#\\\/schema\\\/logo\\\/image\\\/\",\"url\":\"https:\\\/\\\/acdbenicense.com\\\/wp-content\\\/uploads\\\/2026\\\/04\\\/cropped-WhatsApp_Image_2025-09-23_at_14.59.18-removebg-preview-2.png\",\"contentUrl\":\"https:\\\/\\\/acdbenicense.com\\\/wp-content\\\/uploads\\\/2026\\\/04\\\/cropped-WhatsApp_Image_2025-09-23_at_14.59.18-removebg-preview-2.png\",\"width\":272,\"height\":449,\"caption\":\"ACD BENICENSE\"},\"image\":{\"@id\":\"https:\\\/\\\/acdbenicense.com\\\/#\\\/schema\\\/logo\\\/image\\\/\"},\"sameAs\":[\"https:\\\/\\\/www.instagram.com\\\/acdbenicense\\\/?hl=es\"]}]}<\/script>\n<!-- \/ Yoast SEO plugin. -->","yoast_head_json":{"title":"Pol\u00edtica de privacidad - ACD BENICENSE","robots":{"index":"index","follow":"follow","max-snippet":"max-snippet:-1","max-image-preview":"max-image-preview:large","max-video-preview":"max-video-preview:-1"},"canonical":"https:\/\/acdbenicense.com\/?page_id=643","og_locale":"es_ES","og_type":"article","og_title":"Pol\u00edtica de privacidad - ACD BENICENSE","og_description":"POL\u00cdTICA DE PRIVACIDAD Responsable del tratamiento: ACD Benicense \u2014 CIF: G12297560 Direcci\u00f3n: C\/ Secretario Chornet, 23, C.P. 12560, Benicassim (Castell\u00f3n) Email: acdbenicense1992@gmail.com \u00bfQu\u00e9 datos recogemos? Los datos personales que nos facilites a trav\u00e9s del formulario de contacto: nombre, email y tel\u00e9fono. \u00bfPara qu\u00e9 los usamos? \u00danicamente para responder a tu consulta o solicitud de informaci\u00f3n...","og_url":"https:\/\/acdbenicense.com\/?page_id=643","og_site_name":"ACD BENICENSE","article_modified_time":"2026-04-11T21:32:58+00:00","twitter_card":"summary_large_image","twitter_misc":{"Tiempo de lectura":"1 minuto"},"schema":{"@context":"https:\/\/schema.org","@graph":[{"@type":"WebPage","@id":"https:\/\/acdbenicense.com\/?page_id=643","url":"https:\/\/acdbenicense.com\/?page_id=643","name":"Pol\u00edtica de privacidad - ACD BENICENSE","isPartOf":{"@id":"https:\/\/acdbenicense.com\/#website"},"datePublished":"2026-04-11T21:32:07+00:00","dateModified":"2026-04-11T21:32:58+00:00","breadcrumb":{"@id":"https:\/\/acdbenicense.com\/?page_id=643#breadcrumb"},"inLanguage":"es","potentialAction":[{"@type":"ReadAction","target":["https:\/\/acdbenicense.com\/?page_id=643"]}]},{"@type":"BreadcrumbList","@id":"https:\/\/acdbenicense.com\/?page_id=643#breadcrumb","itemListElement":[{"@type":"ListItem","position":1,"name":"Portada","item":"https:\/\/acdbenicense.com\/"},{"@type":"ListItem","position":2,"name":"Pol\u00edtica de privacidad"}]},{"@type":"WebSite","@id":"https:\/\/acdbenicense.com\/#website","url":"https:\/\/acdbenicense.com\/","name":"ACD BENICENSE","description":"Asociaci\u00f3n Cultural y Deportiva Benicense","publisher":{"@id":"https:\/\/acdbenicense.com\/#organization"},"potentialAction":[{"@type":"SearchAction","target":{"@type":"EntryPoint","urlTemplate":"https:\/\/acdbenicense.com\/?s={search_term_string}"},"query-input":{"@type":"PropertyValueSpecification","valueRequired":true,"valueName":"search_term_string"}}],"inLanguage":"es"},{"@type":"Organization","@id":"https:\/\/acdbenicense.com\/#organization","name":"ACD BENICENSE","url":"https:\/\/acdbenicense.com\/","logo":{"@type":"ImageObject","inLanguage":"es","@id":"https:\/\/acdbenicense.com\/#\/schema\/logo\/image\/","url":"https:\/\/acdbenicense.com\/wp-content\/uploads\/2026\/04\/cropped-WhatsApp_Image_2025-09-23_at_14.59.18-removebg-preview-2.png","contentUrl":"https:\/\/acdbenicense.com\/wp-content\/uploads\/2026\/04\/cropped-WhatsApp_Image_2025-09-23_at_14.59.18-removebg-preview-2.png","width":272,"height":449,"caption":"ACD BENICENSE"},"image":{"@id":"https:\/\/acdbenicense.com\/#\/schema\/logo\/image\/"},"sameAs":["https:\/\/www.instagram.com\/acdbenicense\/?hl=es"]}]}},"_links":{"self":[{"href":"https:\/\/acdbenicense.com\/index.php?rest_route=\/wp\/v2\/pages\/643","targetHints":{"allow":["GET"]}}],"collection":[{"href":"https:\/\/acdbenicense.com\/index.php?rest_route=\/wp\/v2\/pages"}],"about":[{"href":"https:\/\/acdbenicense.com\/index.php?rest_route=\/wp\/v2\/types\/page"}],"author":[{"embeddable":true,"href":"https:\/\/acdbenicense.com\/index.php?rest_route=\/wp\/v2\/users\/1"}],"replies":[{"embeddable":true,"href":"https:\/\/acdbenicense.com\/index.php?rest_route=%2Fwp%2Fv2%2Fcomments&post=643"}],"version-history":[{"count":2,"href":"https:\/\/acdbenicense.com\/index.php?rest_route=\/wp\/v2\/pages\/643\/revisions"}],"predecessor-version":[{"id":646,"href":"https:\/\/acdbenicense.com\/index.php?rest_route=\/wp\/v2\/pages\/643\/revisions\/646"}],"wp:attachment":[{"href":"https:\/\/acdbenicense.com\/index.php?rest_route=%2Fwp%2Fv2%2Fmedia&parent=643"}],"curies":[{"name":"wp","href":"https:\/\/api.w.org\/{rel}","templated":true}]}}