{"id":240,"date":"2026-04-09T01:55:27","date_gmt":"2026-04-08T23:55:27","guid":{"rendered":"http:\/\/acdbenicense.com\/?page_id=240"},"modified":"2026-04-11T14:52:36","modified_gmt":"2026-04-11T12:52:36","slug":"saludo-del-presidente","status":"publish","type":"page","link":"https:\/\/acdbenicense.com\/?page_id=240","title":{"rendered":"Saludo"},"content":{"rendered":"<style>.kb-row-layout-id240_a2d1ee-a6 > .kt-row-column-wrap{align-content:start;}:where(.kb-row-layout-id240_a2d1ee-a6 > .kt-row-column-wrap) > .wp-block-kadence-column{justify-content:start;}.kb-row-layout-id240_a2d1ee-a6 > .kt-row-column-wrap{column-gap:var(--global-kb-gap-md, 2rem);row-gap:var(--global-kb-gap-md, 2rem);max-width:960px;margin-left:auto;margin-right:auto;padding-top:var(--global-kb-spacing-xl, 4rem);padding-bottom:var(--global-kb-spacing-sm, 1.5rem);grid-template-columns:minmax(0, 1fr);}.kb-row-layout-id240_a2d1ee-a6 > .kt-row-layout-overlay{opacity:0.30;}@media all and (max-width: 1024px){.kb-row-layout-id240_a2d1ee-a6 > .kt-row-column-wrap{grid-template-columns:minmax(0, 1fr);}}@media all and (max-width: 767px){.kb-row-layout-id240_a2d1ee-a6 > .kt-row-column-wrap{grid-template-columns:minmax(0, 1fr);}}<\/style><div class=\"kb-row-layout-wrap kb-row-layout-id240_a2d1ee-a6 alignfull has-theme-palette1-background-color kt-row-has-bg wp-block-kadence-rowlayout\"><div class=\"kt-row-column-wrap kt-has-1-columns kt-row-layout-equal kt-tab-layout-inherit kt-mobile-layout-row kt-row-valign-top\">\n<style>.kadence-column240_5f5361-7e > .kt-inside-inner-col{display:flex;}.kadence-column240_5f5361-7e > .kt-inside-inner-col,.kadence-column240_5f5361-7e > .kt-inside-inner-col:before{border-top-left-radius:0px;border-top-right-radius:0px;border-bottom-right-radius:0px;border-bottom-left-radius:0px;}.kadence-column240_5f5361-7e > .kt-inside-inner-col{column-gap:var(--global-kb-gap-sm, 1rem);}.kadence-column240_5f5361-7e > .kt-inside-inner-col{flex-direction:column;align-items:center;}.kadence-column240_5f5361-7e > .kt-inside-inner-col > .kb-image-is-ratio-size{align-self:stretch;}.kadence-column240_5f5361-7e > .kt-inside-inner-col > .wp-block-kadence-advancedgallery{align-self:stretch;}.kadence-column240_5f5361-7e > .kt-inside-inner-col > .aligncenter{width:100%;}.kadence-column240_5f5361-7e > .kt-inside-inner-col:before{opacity:0.3;}.kadence-column240_5f5361-7e{position:relative;}@media all and (max-width: 1024px){.kadence-column240_5f5361-7e > .kt-inside-inner-col{flex-direction:column;justify-content:center;align-items:center;}}@media all and (max-width: 767px){.kadence-column240_5f5361-7e > .kt-inside-inner-col{flex-direction:column;justify-content:center;align-items:center;}}<\/style>\n<div class=\"wp-block-kadence-column kadence-column240_5f5361-7e inner-column-1\"><div class=\"kt-inside-inner-col\"><style>.wp-block-kadence-advancedheading.kt-adv-heading240_563cd5-37, .wp-block-kadence-advancedheading.kt-adv-heading240_563cd5-37[data-kb-block=\"kb-adv-heading240_563cd5-37\"]{margin-top:0px;margin-bottom:0px;text-align:center;font-size:var(--global-kb-font-size-xxl, 4rem);line-height:1.3;font-weight:700;font-style:normal;font-family:var( --global-heading-font-family, inherit );text-transform:uppercase;}.wp-block-kadence-advancedheading.kt-adv-heading240_563cd5-37 mark.kt-highlight, .wp-block-kadence-advancedheading.kt-adv-heading240_563cd5-37[data-kb-block=\"kb-adv-heading240_563cd5-37\"] mark.kt-highlight{font-style:normal;color:#f76a0c;-webkit-box-decoration-break:clone;box-decoration-break:clone;padding-top:0px;padding-right:0px;padding-bottom:0px;padding-left:0px;}.wp-block-kadence-advancedheading.kt-adv-heading240_563cd5-37 img.kb-inline-image, .wp-block-kadence-advancedheading.kt-adv-heading240_563cd5-37[data-kb-block=\"kb-adv-heading240_563cd5-37\"] img.kb-inline-image{width:150px;vertical-align:baseline;}@media all and (max-width: 1024px){.wp-block-kadence-advancedheading.kt-adv-heading240_563cd5-37, .wp-block-kadence-advancedheading.kt-adv-heading240_563cd5-37[data-kb-block=\"kb-adv-heading240_563cd5-37\"]{font-size:36px;line-height:1.3;}}@media all and (max-width: 767px){.wp-block-kadence-advancedheading.kt-adv-heading240_563cd5-37, .wp-block-kadence-advancedheading.kt-adv-heading240_563cd5-37[data-kb-block=\"kb-adv-heading240_563cd5-37\"]{font-size:28px;line-height:1.3;}}<\/style>\n<p class=\"kt-adv-heading240_563cd5-37 wp-block-kadence-advancedheading has-theme-palette-9-color has-text-color\" data-kb-block=\"kb-adv-heading240_563cd5-37\">Saludo del Presidente<\/p>\n<\/div><\/div>\n\n<\/div><\/div>\n\n<style>.kb-row-layout-id240_be9bfb-97 > .kt-row-column-wrap{align-content:start;}:where(.kb-row-layout-id240_be9bfb-97 > .kt-row-column-wrap) > .wp-block-kadence-column{justify-content:start;}.kb-row-layout-id240_be9bfb-97 > .kt-row-column-wrap{column-gap:var(--global-kb-gap-md, 2rem);row-gap:var(--global-kb-gap-md, 2rem);max-width:960px;margin-left:auto;margin-right:auto;padding-top:var(--global-kb-spacing-sm, 1.5rem);padding-bottom:var(--global-kb-spacing-xl, 4rem);grid-template-columns:minmax(0, 1fr);}.kb-row-layout-id240_be9bfb-97 > .kt-row-layout-overlay{opacity:0.30;}@media all and (max-width: 1024px){.kb-row-layout-id240_be9bfb-97 > .kt-row-column-wrap{grid-template-columns:minmax(0, 1fr);}}@media all and (max-width: 767px){.kb-row-layout-id240_be9bfb-97 > .kt-row-column-wrap{grid-template-columns:minmax(0, 1fr);}}<\/style><div class=\"kb-row-layout-wrap kb-row-layout-id240_be9bfb-97 alignfull has-theme-palette1-background-color kt-row-has-bg wp-block-kadence-rowlayout\"><div class=\"kt-row-column-wrap kt-has-1-columns kt-row-layout-equal kt-tab-layout-inherit kt-mobile-layout-row kt-row-valign-top\">\n<style>.kadence-column240_8753bd-0f > .kt-inside-inner-col,.kadence-column240_8753bd-0f > .kt-inside-inner-col:before{border-top-left-radius:0px;border-top-right-radius:0px;border-bottom-right-radius:0px;border-bottom-left-radius:0px;}.kadence-column240_8753bd-0f > .kt-inside-inner-col{column-gap:var(--global-kb-gap-sm, 1rem);}.kadence-column240_8753bd-0f > .kt-inside-inner-col{flex-direction:column;}.kadence-column240_8753bd-0f > .kt-inside-inner-col > .aligncenter{width:100%;}.kadence-column240_8753bd-0f > .kt-inside-inner-col:before{opacity:0.3;}.kadence-column240_8753bd-0f{position:relative;}@media all and (max-width: 1024px){.kadence-column240_8753bd-0f > .kt-inside-inner-col{flex-direction:column;justify-content:center;}}@media all and (max-width: 767px){.kadence-column240_8753bd-0f > .kt-inside-inner-col{flex-direction:column;justify-content:center;}}<\/style>\n<div class=\"wp-block-kadence-column kadence-column240_8753bd-0f\"><div class=\"kt-inside-inner-col\">\n<p class=\"has-theme-palette-9-color has-text-color has-link-color has-medium-font-size wp-elements-2d7769776c7a5b24eaf7ac30ab5ab274\">Es un orgullo daros la bienvenida al ACD Benicense.<\/p>\n\n\n\n<p class=\"has-theme-palette-9-color has-text-color has-link-color has-medium-font-size wp-elements-9098efe021ac11b88babd8cc735e012b\">Me gustar\u00eda dirigirme, en primer lugar, a todas aquellas personas que han formado parte de este club a lo largo de su historia. Gracias a vuestro esfuerzo, dedicaci\u00f3n y compromiso, el Benicense es hoy lo que es: un club vivo, con identidad propia y profundamente arraigado en la localidad.<\/p>\n\n\n\n<p class=\"has-theme-palette-9-color has-text-color has-link-color has-medium-font-size wp-elements-8bb60e3748babaa7afcbdc2c4da5199a\">Tambi\u00e9n quiero dar la bienvenida a quienes forman parte del presente del club. Jugadores, jugadoras, familias, entrenadores, colaboradores y aficionados sois el verdadero motor que hace que este proyecto siga creciendo cada d\u00eda, manteniendo intactos los valores con los que naci\u00f3.<\/p>\n\n\n\n<p class=\"has-theme-palette-9-color has-text-color has-link-color has-medium-font-size wp-elements-041deea3419d407b7764529a2d14a5c3\">Y, por supuesto, este saludo va tambi\u00e9n dirigido a todas aquellas personas que quieran unirse a este gran proyecto. El Benicense es un club abierto, cercano y humilde, donde siempre hay un lugar para quien quiera compartir su pasi\u00f3n por el deporte y formar parte de esta gran familia.<\/p>\n\n\n\n<p class=\"has-theme-palette-9-color has-text-color has-link-color has-medium-font-size wp-elements-86d75afe09610f116407434bf64b4bdc\">Nuestro club ha tenido siempre una misi\u00f3n clara: fomentar el deporte, especialmente entre los m\u00e1s j\u00f3venes, como herramienta que desempe\u00f1a un papel fundamental en el desarrollo integral de las personas, contribuyendo de forma directa al bienestar tanto f\u00edsico como mental de la salud.<\/p>\n\n\n\n<p class=\"has-theme-palette-9-color has-text-color has-link-color has-medium-font-size wp-elements-37f7965aec930f9f411440c9c400d95e\">Os animo a formar parte de la gran familia del Benicense, a vivirlo, a disfrutarlo y a seguir construyendo juntos su futuro.<\/p>\n\n\n\n<p class=\"has-theme-palette-9-color has-text-color has-link-color has-small-font-size wp-elements-78043c0700dbe991ffad4062c3118d21\">Eliseo Salvador Roures<\/p>\n<\/div><\/div>\n\n<\/div><\/div>","protected":false},"excerpt":{"rendered":"<p>Saludo del Presidente Es un orgullo daros la bienvenida al ACD Benicense. Me gustar\u00eda dirigirme, en primer lugar, a todas aquellas personas que han formado parte de este club a lo largo de su historia. Gracias a vuestro esfuerzo, dedicaci\u00f3n y compromiso, el Benicense es hoy lo que es: un club vivo, con identidad propia&#8230;<\/p>\n","protected":false},"author":1,"featured_media":0,"parent":0,"menu_order":0,"comment_status":"closed","ping_status":"closed","template":"","meta":{"_kad_post_transparent":"","_kad_post_title":"","_kad_post_layout":"","_kad_post_sidebar_id":"","_kad_post_content_style":"","_kad_post_vertical_padding":"","_kad_post_feature":"","_kad_post_feature_position":"","_kad_post_header":false,"_kad_post_footer":false,"_kad_post_classname":"","footnotes":""},"class_list":["post-240","page","type-page","status-publish","hentry"],"yoast_head":"<!-- This site is optimized with the Yoast SEO plugin v27.3 - https:\/\/yoast.com\/product\/yoast-seo-wordpress\/ -->\n<title>Saludo - ACD BENICENSE<\/title>\n<meta name=\"robots\" content=\"index, follow, max-snippet:-1, max-image-preview:large, max-video-preview:-1\" \/>\n<link rel=\"canonical\" href=\"https:\/\/acdbenicense.com\/?page_id=240\" \/>\n<meta property=\"og:locale\" content=\"es_ES\" \/>\n<meta property=\"og:type\" content=\"article\" \/>\n<meta property=\"og:title\" content=\"Saludo - ACD BENICENSE\" \/>\n<meta property=\"og:description\" content=\"Saludo del Presidente Es un orgullo daros la bienvenida al ACD Benicense. Me gustar\u00eda dirigirme, en primer lugar, a todas aquellas personas que han formado parte de este club a lo largo de su historia. Gracias a vuestro esfuerzo, dedicaci\u00f3n y compromiso, el Benicense es hoy lo que es: un club vivo, con identidad propia...\" \/>\n<meta property=\"og:url\" content=\"https:\/\/acdbenicense.com\/?page_id=240\" \/>\n<meta property=\"og:site_name\" content=\"ACD BENICENSE\" \/>\n<meta property=\"article:modified_time\" content=\"2026-04-11T12:52:36+00:00\" \/>\n<meta name=\"twitter:card\" content=\"summary_large_image\" \/>\n<meta name=\"twitter:label1\" content=\"Tiempo de lectura\" \/>\n\t<meta name=\"twitter:data1\" content=\"1 minuto\" \/>\n<script type=\"application\/ld+json\" class=\"yoast-schema-graph\">{\"@context\":\"https:\\\/\\\/schema.org\",\"@graph\":[{\"@type\":\"WebPage\",\"@id\":\"https:\\\/\\\/acdbenicense.com\\\/?page_id=240\",\"url\":\"https:\\\/\\\/acdbenicense.com\\\/?page_id=240\",\"name\":\"Saludo - ACD BENICENSE\",\"isPartOf\":{\"@id\":\"https:\\\/\\\/acdbenicense.com\\\/#website\"},\"datePublished\":\"2026-04-08T23:55:27+00:00\",\"dateModified\":\"2026-04-11T12:52:36+00:00\",\"breadcrumb\":{\"@id\":\"https:\\\/\\\/acdbenicense.com\\\/?page_id=240#breadcrumb\"},\"inLanguage\":\"es\",\"potentialAction\":[{\"@type\":\"ReadAction\",\"target\":[\"https:\\\/\\\/acdbenicense.com\\\/?page_id=240\"]}]},{\"@type\":\"BreadcrumbList\",\"@id\":\"https:\\\/\\\/acdbenicense.com\\\/?page_id=240#breadcrumb\",\"itemListElement\":[{\"@type\":\"ListItem\",\"position\":1,\"name\":\"Portada\",\"item\":\"https:\\\/\\\/acdbenicense.com\\\/\"},{\"@type\":\"ListItem\",\"position\":2,\"name\":\"Saludo\"}]},{\"@type\":\"WebSite\",\"@id\":\"https:\\\/\\\/acdbenicense.com\\\/#website\",\"url\":\"https:\\\/\\\/acdbenicense.com\\\/\",\"name\":\"ACD BENICENSE\",\"description\":\"Asociaci\u00f3n Cultural y Deportiva Benicense\",\"publisher\":{\"@id\":\"https:\\\/\\\/acdbenicense.com\\\/#organization\"},\"potentialAction\":[{\"@type\":\"SearchAction\",\"target\":{\"@type\":\"EntryPoint\",\"urlTemplate\":\"https:\\\/\\\/acdbenicense.com\\\/?s={search_term_string}\"},\"query-input\":{\"@type\":\"PropertyValueSpecification\",\"valueRequired\":true,\"valueName\":\"search_term_string\"}}],\"inLanguage\":\"es\"},{\"@type\":\"Organization\",\"@id\":\"https:\\\/\\\/acdbenicense.com\\\/#organization\",\"name\":\"ACD BENICENSE\",\"url\":\"https:\\\/\\\/acdbenicense.com\\\/\",\"logo\":{\"@type\":\"ImageObject\",\"inLanguage\":\"es\",\"@id\":\"https:\\\/\\\/acdbenicense.com\\\/#\\\/schema\\\/logo\\\/image\\\/\",\"url\":\"https:\\\/\\\/acdbenicense.com\\\/wp-content\\\/uploads\\\/2026\\\/04\\\/cropped-WhatsApp_Image_2025-09-23_at_14.59.18-removebg-preview-2.png\",\"contentUrl\":\"https:\\\/\\\/acdbenicense.com\\\/wp-content\\\/uploads\\\/2026\\\/04\\\/cropped-WhatsApp_Image_2025-09-23_at_14.59.18-removebg-preview-2.png\",\"width\":272,\"height\":449,\"caption\":\"ACD BENICENSE\"},\"image\":{\"@id\":\"https:\\\/\\\/acdbenicense.com\\\/#\\\/schema\\\/logo\\\/image\\\/\"},\"sameAs\":[\"https:\\\/\\\/www.instagram.com\\\/acdbenicense\\\/?hl=es\"]}]}<\/script>\n<!-- \/ Yoast SEO plugin. -->","yoast_head_json":{"title":"Saludo - ACD BENICENSE","robots":{"index":"index","follow":"follow","max-snippet":"max-snippet:-1","max-image-preview":"max-image-preview:large","max-video-preview":"max-video-preview:-1"},"canonical":"https:\/\/acdbenicense.com\/?page_id=240","og_locale":"es_ES","og_type":"article","og_title":"Saludo - ACD BENICENSE","og_description":"Saludo del Presidente Es un orgullo daros la bienvenida al ACD Benicense. Me gustar\u00eda dirigirme, en primer lugar, a todas aquellas personas que han formado parte de este club a lo largo de su historia. Gracias a vuestro esfuerzo, dedicaci\u00f3n y compromiso, el Benicense es hoy lo que es: un club vivo, con identidad propia...","og_url":"https:\/\/acdbenicense.com\/?page_id=240","og_site_name":"ACD BENICENSE","article_modified_time":"2026-04-11T12:52:36+00:00","twitter_card":"summary_large_image","twitter_misc":{"Tiempo de lectura":"1 minuto"},"schema":{"@context":"https:\/\/schema.org","@graph":[{"@type":"WebPage","@id":"https:\/\/acdbenicense.com\/?page_id=240","url":"https:\/\/acdbenicense.com\/?page_id=240","name":"Saludo - ACD BENICENSE","isPartOf":{"@id":"https:\/\/acdbenicense.com\/#website"},"datePublished":"2026-04-08T23:55:27+00:00","dateModified":"2026-04-11T12:52:36+00:00","breadcrumb":{"@id":"https:\/\/acdbenicense.com\/?page_id=240#breadcrumb"},"inLanguage":"es","potentialAction":[{"@type":"ReadAction","target":["https:\/\/acdbenicense.com\/?page_id=240"]}]},{"@type":"BreadcrumbList","@id":"https:\/\/acdbenicense.com\/?page_id=240#breadcrumb","itemListElement":[{"@type":"ListItem","position":1,"name":"Portada","item":"https:\/\/acdbenicense.com\/"},{"@type":"ListItem","position":2,"name":"Saludo"}]},{"@type":"WebSite","@id":"https:\/\/acdbenicense.com\/#website","url":"https:\/\/acdbenicense.com\/","name":"ACD BENICENSE","description":"Asociaci\u00f3n Cultural y Deportiva Benicense","publisher":{"@id":"https:\/\/acdbenicense.com\/#organization"},"potentialAction":[{"@type":"SearchAction","target":{"@type":"EntryPoint","urlTemplate":"https:\/\/acdbenicense.com\/?s={search_term_string}"},"query-input":{"@type":"PropertyValueSpecification","valueRequired":true,"valueName":"search_term_string"}}],"inLanguage":"es"},{"@type":"Organization","@id":"https:\/\/acdbenicense.com\/#organization","name":"ACD BENICENSE","url":"https:\/\/acdbenicense.com\/","logo":{"@type":"ImageObject","inLanguage":"es","@id":"https:\/\/acdbenicense.com\/#\/schema\/logo\/image\/","url":"https:\/\/acdbenicense.com\/wp-content\/uploads\/2026\/04\/cropped-WhatsApp_Image_2025-09-23_at_14.59.18-removebg-preview-2.png","contentUrl":"https:\/\/acdbenicense.com\/wp-content\/uploads\/2026\/04\/cropped-WhatsApp_Image_2025-09-23_at_14.59.18-removebg-preview-2.png","width":272,"height":449,"caption":"ACD BENICENSE"},"image":{"@id":"https:\/\/acdbenicense.com\/#\/schema\/logo\/image\/"},"sameAs":["https:\/\/www.instagram.com\/acdbenicense\/?hl=es"]}]}},"_links":{"self":[{"href":"https:\/\/acdbenicense.com\/index.php?rest_route=\/wp\/v2\/pages\/240","targetHints":{"allow":["GET"]}}],"collection":[{"href":"https:\/\/acdbenicense.com\/index.php?rest_route=\/wp\/v2\/pages"}],"about":[{"href":"https:\/\/acdbenicense.com\/index.php?rest_route=\/wp\/v2\/types\/page"}],"author":[{"embeddable":true,"href":"https:\/\/acdbenicense.com\/index.php?rest_route=\/wp\/v2\/users\/1"}],"replies":[{"embeddable":true,"href":"https:\/\/acdbenicense.com\/index.php?rest_route=%2Fwp%2Fv2%2Fcomments&post=240"}],"version-history":[{"count":11,"href":"https:\/\/acdbenicense.com\/index.php?rest_route=\/wp\/v2\/pages\/240\/revisions"}],"predecessor-version":[{"id":598,"href":"https:\/\/acdbenicense.com\/index.php?rest_route=\/wp\/v2\/pages\/240\/revisions\/598"}],"wp:attachment":[{"href":"https:\/\/acdbenicense.com\/index.php?rest_route=%2Fwp%2Fv2%2Fmedia&parent=240"}],"curies":[{"name":"wp","href":"https:\/\/api.w.org\/{rel}","templated":true}]}}