{"id":178,"date":"2026-04-09T01:13:01","date_gmt":"2026-04-08T23:13:01","guid":{"rendered":"http:\/\/acdbenicense.com\/?page_id=178"},"modified":"2026-04-10T19:53:42","modified_gmt":"2026-04-10T17:53:42","slug":"historia","status":"publish","type":"page","link":"https:\/\/acdbenicense.com\/?page_id=178","title":{"rendered":"Historia"},"content":{"rendered":"<style>.kb-row-layout-id178_c43baf-44 > .kt-row-column-wrap{align-content:center;}:where(.kb-row-layout-id178_c43baf-44 > .kt-row-column-wrap) > .wp-block-kadence-column{justify-content:center;}.kb-row-layout-id178_c43baf-44 > .kt-row-column-wrap{column-gap:var(--global-kb-gap-md, 2rem);row-gap:var(--global-kb-gap-none, 0rem );max-width:var( --global-content-width, 1290px );padding-left:var(--global-content-edge-padding);padding-right:var(--global-content-edge-padding);grid-template-columns:minmax(0, 1fr);}.kb-row-layout-id178_c43baf-44 > .kt-row-layout-overlay{opacity:0.30;}@media all and (max-width: 1024px){.kb-row-layout-id178_c43baf-44 > .kt-row-column-wrap{grid-template-columns:minmax(0, 1fr);}}@media all and (max-width: 767px){.kb-row-layout-id178_c43baf-44 > .kt-row-column-wrap{padding-top:var(--global-kb-spacing-xxs, 0.5rem);padding-bottom:var(--global-kb-spacing-sm, 1.5rem);grid-template-columns:minmax(0, 1fr);}}<\/style><div class=\"kb-row-layout-wrap kb-row-layout-id178_c43baf-44 alignfull has-theme-palette1-background-color kt-row-has-bg wp-block-kadence-rowlayout\"><div class=\"kt-row-column-wrap kt-has-1-columns kt-row-layout-equal kt-tab-layout-inherit kt-mobile-layout-row kt-row-valign-middle kb-theme-content-width\">\n<style>.kadence-column178_a621dd-ab > .kt-inside-inner-col,.kadence-column178_a621dd-ab > .kt-inside-inner-col:before{border-top-left-radius:0px;border-top-right-radius:0px;border-bottom-right-radius:0px;border-bottom-left-radius:0px;}.kadence-column178_a621dd-ab > .kt-inside-inner-col{column-gap:var(--global-kb-gap-sm, 1rem);}.kadence-column178_a621dd-ab > .kt-inside-inner-col{flex-direction:column;}.kadence-column178_a621dd-ab > .kt-inside-inner-col > .aligncenter{width:100%;}.kadence-column178_a621dd-ab > .kt-inside-inner-col:before{opacity:0.3;}.kadence-column178_a621dd-ab{position:relative;}@media all and (max-width: 1024px){.kadence-column178_a621dd-ab > .kt-inside-inner-col{flex-direction:column;justify-content:center;}}@media all and (max-width: 767px){.kadence-column178_a621dd-ab > .kt-inside-inner-col{flex-direction:column;justify-content:center;}}<\/style>\n<div class=\"wp-block-kadence-column kadence-column178_a621dd-ab\"><div class=\"kt-inside-inner-col\"><style>.wp-block-kadence-advancedheading.kt-adv-heading178_c86bb2-eb, .wp-block-kadence-advancedheading.kt-adv-heading178_c86bb2-eb[data-kb-block=\"kb-adv-heading178_c86bb2-eb\"]{text-align:center;font-size:var(--global-kb-font-size-xxl, 4rem);font-style:normal;}.wp-block-kadence-advancedheading.kt-adv-heading178_c86bb2-eb mark.kt-highlight, .wp-block-kadence-advancedheading.kt-adv-heading178_c86bb2-eb[data-kb-block=\"kb-adv-heading178_c86bb2-eb\"] mark.kt-highlight{font-style:normal;color:#f76a0c;-webkit-box-decoration-break:clone;box-decoration-break:clone;padding-top:0px;padding-right:0px;padding-bottom:0px;padding-left:0px;}.wp-block-kadence-advancedheading.kt-adv-heading178_c86bb2-eb img.kb-inline-image, .wp-block-kadence-advancedheading.kt-adv-heading178_c86bb2-eb[data-kb-block=\"kb-adv-heading178_c86bb2-eb\"] img.kb-inline-image{width:150px;vertical-align:baseline;}<\/style>\n<h2 class=\"kt-adv-heading178_c86bb2-eb wp-block-kadence-advancedheading has-theme-palette-9-color has-text-color\" data-kb-block=\"kb-adv-heading178_c86bb2-eb\">HISTORIA DEL CLUB<\/h2>\n<\/div><\/div>\n\n<\/div><\/div>\n\n<style>.kb-row-layout-id178_4e2ada-f3 > .kt-row-column-wrap{align-content:start;}:where(.kb-row-layout-id178_4e2ada-f3 > .kt-row-column-wrap) > .wp-block-kadence-column{justify-content:start;}.kb-row-layout-id178_4e2ada-f3 > .kt-row-column-wrap{column-gap:var(--global-kb-gap-md, 2rem);row-gap:var(--global-kb-gap-md, 2rem);max-width:var( --global-content-width, 1290px );padding-left:var(--global-content-edge-padding);padding-right:var(--global-content-edge-padding);padding-top:var(--global-kb-spacing-xl, 4rem);padding-bottom:var(--global-kb-spacing-xl, 4rem);grid-template-columns:minmax(0, 1fr);}.kb-row-layout-id178_4e2ada-f3 > .kt-row-layout-overlay{opacity:0.30;}@media all and (max-width: 1024px){.kb-row-layout-id178_4e2ada-f3 > .kt-row-column-wrap{grid-template-columns:minmax(0, 1fr);}}@media all and (max-width: 767px){.kb-row-layout-wrap.wp-block-kadence-rowlayout.kb-row-layout-id178_4e2ada-f3{margin-bottom:0px;}.kb-row-layout-id178_4e2ada-f3 > .kt-row-column-wrap{padding-top:var(--global-kb-spacing-sm, 1.5rem);padding-bottom:var(--global-kb-spacing-xxs, 0.5rem);min-height:884px;grid-template-columns:minmax(0, 1fr);}.kb-row-layout-id178_4e2ada-f3 > .kt-row-layout-overlay{opacity:0.28;}}<\/style><div class=\"kb-row-layout-wrap kb-row-layout-id178_4e2ada-f3 alignfull has-theme-palette1-background-color kt-row-has-bg wp-block-kadence-rowlayout\"><div class=\"kt-row-column-wrap kt-has-1-columns kt-row-layout-equal kt-tab-layout-inherit kt-mobile-layout-row kt-row-valign-top kb-theme-content-width\">\n<style>.kadence-column178_81dcef-24 > .kt-inside-inner-col{display:flex;}.kadence-column178_81dcef-24 > .kt-inside-inner-col,.kadence-column178_81dcef-24 > .kt-inside-inner-col:before{border-top-left-radius:0px;border-top-right-radius:0px;border-bottom-right-radius:0px;border-bottom-left-radius:0px;}.kadence-column178_81dcef-24 > .kt-inside-inner-col{column-gap:var(--global-kb-gap-sm, 1rem);}.kadence-column178_81dcef-24 > .kt-inside-inner-col{flex-direction:column;align-items:center;}.kadence-column178_81dcef-24 > .kt-inside-inner-col > .kb-image-is-ratio-size{align-self:stretch;}.kadence-column178_81dcef-24 > .kt-inside-inner-col > .wp-block-kadence-advancedgallery{align-self:stretch;}.kadence-column178_81dcef-24 > .kt-inside-inner-col > .aligncenter{width:100%;}.kadence-column178_81dcef-24 > .kt-inside-inner-col:before{opacity:0.3;}.kadence-column178_81dcef-24{position:relative;}@media all and (max-width: 1024px){.kadence-column178_81dcef-24 > .kt-inside-inner-col{flex-direction:column;justify-content:center;align-items:center;}}@media all and (max-width: 767px){.kadence-column178_81dcef-24 > .kt-inside-inner-col{flex-direction:column;justify-content:center;align-items:center;}}<\/style>\n<div class=\"wp-block-kadence-column kadence-column178_81dcef-24 inner-column-1\"><div class=\"kt-inside-inner-col\"><style>.wp-block-kadence-advancedheading.kt-adv-heading178_6dc03d-f5, .wp-block-kadence-advancedheading.kt-adv-heading178_6dc03d-f5[data-kb-block=\"kb-adv-heading178_6dc03d-f5\"]{margin-top:0px;margin-bottom:0px;text-align:left;font-size:var(--global-kb-font-size-sm, 0.9rem);line-height:1.3;font-style:normal;font-family:var( --global-heading-font-family, inherit );}.wp-block-kadence-advancedheading.kt-adv-heading178_6dc03d-f5 mark.kt-highlight, .wp-block-kadence-advancedheading.kt-adv-heading178_6dc03d-f5[data-kb-block=\"kb-adv-heading178_6dc03d-f5\"] mark.kt-highlight{font-style:normal;color:#f76a0c;-webkit-box-decoration-break:clone;box-decoration-break:clone;padding-top:0px;padding-right:0px;padding-bottom:0px;padding-left:0px;}.wp-block-kadence-advancedheading.kt-adv-heading178_6dc03d-f5 img.kb-inline-image, .wp-block-kadence-advancedheading.kt-adv-heading178_6dc03d-f5[data-kb-block=\"kb-adv-heading178_6dc03d-f5\"] img.kb-inline-image{width:150px;vertical-align:baseline;}@media all and (max-width: 1024px){.wp-block-kadence-advancedheading.kt-adv-heading178_6dc03d-f5, .wp-block-kadence-advancedheading.kt-adv-heading178_6dc03d-f5[data-kb-block=\"kb-adv-heading178_6dc03d-f5\"]{font-size:36px;line-height:1.3;}}@media all and (max-width: 767px){.wp-block-kadence-advancedheading.kt-adv-heading178_6dc03d-f5, .wp-block-kadence-advancedheading.kt-adv-heading178_6dc03d-f5[data-kb-block=\"kb-adv-heading178_6dc03d-f5\"]{font-size:16px;line-height:1.3;}}<\/style>\n<p class=\"kt-adv-heading178_6dc03d-f5 wp-block-kadence-advancedheading has-theme-palette-9-color has-text-color\" data-kb-block=\"kb-adv-heading178_6dc03d-f5\">El ACD Benicense se constituy\u00f3 formalmente en julio de 1991, iniciando su actividad deportiva federativa en el a\u00f1o 1992. Desde su origen, el club nace como una asociaci\u00f3n deportiva sin \u00e1nimo de lucro, siendo su finalidad principal el fomento y la pr\u00e1ctica de la actividad f\u00edsico-deportiva, especialmente entre los j\u00f3venes de Benicasim.<br>\u00a0<br>La idea nace de un grupo de vecinos de Benicasim: (Eliseo Salvador, Isidoro Hern\u00e1ndez, Miguel \u00c1ngel Rebolledo, Manuel Conde, Francisco Garc\u00eda, Francisco Ariza, Francisco Socarrades, Miguel Lloscos y Fidel G\u00f3mez) como respuesta a una inquietud compartida, crear un espacio donde el deporte fuese accesible para todos los benicenses, sin necesidad de desplazarse fuera del municipio.<br>\u00a0\u00a0\u00a0\u00a0\u00a0\u00a0\u00a0\u00a0\u00a0<br>La filosof\u00eda del club qued\u00f3 claramente definida desde sus inicios:<br>\u00a0<br>Promover el deporte entre la juventud de la localidad, fomentando h\u00e1bitos saludables y valores sociales.<br>Ofrecer un espacio accesible para la pr\u00e1ctica deportiva de todos los j\u00f3venes.<br>Desarrollar tanto actividades deportivas como culturales, ampliando su impacto en la vida social del pueblo.<br>Fomentar la convivencia, la amistad y la uni\u00f3n entre los vecinos y colectivos locales.<br>Velar siempre por el buen nombre y el prestigio de la localidad.<br>\u00a0<br>Aunque inicialmente el f\u00fatbol aficionado fue uno de sus pilares fundamentales, el club tambi\u00e9n apost\u00f3 muy pronto por el baloncesto y el deporte base formativo de ambos deportes, con la idea de dar cabida al mayor n\u00famero posible de personas y responder a las inquietudes deportivas de las personas del municipio.<br>\u00a0<br>Desde entonces, el Club Benicense ha sido, ante todo, un club humilde. Un proyecto construido desde la base, formado principalmente por ni\u00f1os, ni\u00f1as y j\u00f3venes de la localidad, que encuentran aqu\u00ed no solo un lugar donde competir, sino tambi\u00e9n donde crecer, aprender valores y crear v\u00ednculos que van m\u00e1s all\u00e1 del terreno de juego.<br>\u00a0<br>A lo largo de su historia, el club ha tenido siempre una vocaci\u00f3n clara: aportar su granito de arena en \u201chacer pueblo\u201d. M\u00e1s all\u00e1 de los resultados deportivos, el Club Benicense ha sido y sigue siendo un agente activo en la vida deportiva y cultural, colaborando, participando y contribuyendo al desarrollo de Benicasim.<br>\u00a0<br>Detr\u00e1s de cada entrenamiento, de cada partido y de cada temporada, hay personas que, con esfuerzo, dedicaci\u00f3n y muchas horas de su tiempo, han trabajado de forma desinteresada para que este proyecto siga adelante. Entrenadores, directivos, colaboradores, familias, jugadores\u2026 todos ellos han sido y son el verdadero motor del club.<br>\u00a0<br>Durante estos a\u00f1os, han sido muchas las personas que han pasado por el Benicense, dejando su huella y ayudando a que el club no solo subsista, sino que crezca y evolucione.<br>Gracias a todos ellos, el ACD Benicense no es solo un club deportivo, sino una parte viva de la historia y el presente de la localidad.<br>\u00a0<br>Hoy, con la misma ilusi\u00f3n que en 1991, el club sigue mirando al futuro sin olvidar sus ra\u00edces: cercan\u00eda, compromiso y pasi\u00f3n por el deporte y por su gente.<\/p>\n<\/div><\/div>\n\n<\/div><\/div>\n\n\n<p><\/p>\n","protected":false},"excerpt":{"rendered":"<p>HISTORIA DEL CLUB El ACD Benicense se constituy\u00f3 formalmente en julio de 1991, iniciando su actividad deportiva federativa en el a\u00f1o 1992. Desde su origen, el club nace como una asociaci\u00f3n deportiva sin \u00e1nimo de lucro, siendo su finalidad principal el fomento y la pr\u00e1ctica de la actividad f\u00edsico-deportiva, especialmente entre los j\u00f3venes de Benicasim.\u00a0La&#8230;<\/p>\n","protected":false},"author":1,"featured_media":0,"parent":0,"menu_order":0,"comment_status":"closed","ping_status":"closed","template":"","meta":{"_kad_post_transparent":"","_kad_post_title":"","_kad_post_layout":"","_kad_post_sidebar_id":"","_kad_post_content_style":"","_kad_post_vertical_padding":"","_kad_post_feature":"","_kad_post_feature_position":"","_kad_post_header":false,"_kad_post_footer":false,"_kad_post_classname":"","footnotes":""},"class_list":["post-178","page","type-page","status-publish","hentry"],"yoast_head":"<!-- This site is optimized with the Yoast SEO plugin v27.3 - https:\/\/yoast.com\/product\/yoast-seo-wordpress\/ -->\n<title>Historia - ACD BENICENSE<\/title>\n<meta name=\"robots\" content=\"index, follow, max-snippet:-1, max-image-preview:large, max-video-preview:-1\" \/>\n<link rel=\"canonical\" href=\"https:\/\/acdbenicense.com\/?page_id=178\" \/>\n<meta property=\"og:locale\" content=\"es_ES\" \/>\n<meta property=\"og:type\" content=\"article\" \/>\n<meta property=\"og:title\" content=\"Historia - ACD BENICENSE\" \/>\n<meta property=\"og:description\" content=\"HISTORIA DEL CLUB El ACD Benicense se constituy\u00f3 formalmente en julio de 1991, iniciando su actividad deportiva federativa en el a\u00f1o 1992. Desde su origen, el club nace como una asociaci\u00f3n deportiva sin \u00e1nimo de lucro, siendo su finalidad principal el fomento y la pr\u00e1ctica de la actividad f\u00edsico-deportiva, especialmente entre los j\u00f3venes de Benicasim.\u00a0La...\" \/>\n<meta property=\"og:url\" content=\"https:\/\/acdbenicense.com\/?page_id=178\" \/>\n<meta property=\"og:site_name\" content=\"ACD BENICENSE\" \/>\n<meta property=\"article:modified_time\" content=\"2026-04-10T17:53:42+00:00\" \/>\n<meta name=\"twitter:card\" content=\"summary_large_image\" \/>\n<meta name=\"twitter:label1\" content=\"Tiempo de lectura\" \/>\n\t<meta name=\"twitter:data1\" content=\"3 minutos\" \/>\n<script type=\"application\/ld+json\" class=\"yoast-schema-graph\">{\"@context\":\"https:\\\/\\\/schema.org\",\"@graph\":[{\"@type\":\"WebPage\",\"@id\":\"https:\\\/\\\/acdbenicense.com\\\/?page_id=178\",\"url\":\"https:\\\/\\\/acdbenicense.com\\\/?page_id=178\",\"name\":\"Historia - ACD BENICENSE\",\"isPartOf\":{\"@id\":\"https:\\\/\\\/acdbenicense.com\\\/#website\"},\"datePublished\":\"2026-04-08T23:13:01+00:00\",\"dateModified\":\"2026-04-10T17:53:42+00:00\",\"breadcrumb\":{\"@id\":\"https:\\\/\\\/acdbenicense.com\\\/?page_id=178#breadcrumb\"},\"inLanguage\":\"es\",\"potentialAction\":[{\"@type\":\"ReadAction\",\"target\":[\"https:\\\/\\\/acdbenicense.com\\\/?page_id=178\"]}]},{\"@type\":\"BreadcrumbList\",\"@id\":\"https:\\\/\\\/acdbenicense.com\\\/?page_id=178#breadcrumb\",\"itemListElement\":[{\"@type\":\"ListItem\",\"position\":1,\"name\":\"Portada\",\"item\":\"https:\\\/\\\/acdbenicense.com\\\/\"},{\"@type\":\"ListItem\",\"position\":2,\"name\":\"Historia\"}]},{\"@type\":\"WebSite\",\"@id\":\"https:\\\/\\\/acdbenicense.com\\\/#website\",\"url\":\"https:\\\/\\\/acdbenicense.com\\\/\",\"name\":\"ACD BENICENSE\",\"description\":\"Asociaci\u00f3n Cultural y Deportiva Benicense\",\"publisher\":{\"@id\":\"https:\\\/\\\/acdbenicense.com\\\/#organization\"},\"potentialAction\":[{\"@type\":\"SearchAction\",\"target\":{\"@type\":\"EntryPoint\",\"urlTemplate\":\"https:\\\/\\\/acdbenicense.com\\\/?s={search_term_string}\"},\"query-input\":{\"@type\":\"PropertyValueSpecification\",\"valueRequired\":true,\"valueName\":\"search_term_string\"}}],\"inLanguage\":\"es\"},{\"@type\":\"Organization\",\"@id\":\"https:\\\/\\\/acdbenicense.com\\\/#organization\",\"name\":\"ACD BENICENSE\",\"url\":\"https:\\\/\\\/acdbenicense.com\\\/\",\"logo\":{\"@type\":\"ImageObject\",\"inLanguage\":\"es\",\"@id\":\"https:\\\/\\\/acdbenicense.com\\\/#\\\/schema\\\/logo\\\/image\\\/\",\"url\":\"https:\\\/\\\/acdbenicense.com\\\/wp-content\\\/uploads\\\/2026\\\/04\\\/cropped-WhatsApp_Image_2025-09-23_at_14.59.18-removebg-preview-2.png\",\"contentUrl\":\"https:\\\/\\\/acdbenicense.com\\\/wp-content\\\/uploads\\\/2026\\\/04\\\/cropped-WhatsApp_Image_2025-09-23_at_14.59.18-removebg-preview-2.png\",\"width\":272,\"height\":449,\"caption\":\"ACD BENICENSE\"},\"image\":{\"@id\":\"https:\\\/\\\/acdbenicense.com\\\/#\\\/schema\\\/logo\\\/image\\\/\"},\"sameAs\":[\"https:\\\/\\\/www.instagram.com\\\/acdbenicense\\\/?hl=es\"]}]}<\/script>\n<!-- \/ Yoast SEO plugin. -->","yoast_head_json":{"title":"Historia - ACD BENICENSE","robots":{"index":"index","follow":"follow","max-snippet":"max-snippet:-1","max-image-preview":"max-image-preview:large","max-video-preview":"max-video-preview:-1"},"canonical":"https:\/\/acdbenicense.com\/?page_id=178","og_locale":"es_ES","og_type":"article","og_title":"Historia - ACD BENICENSE","og_description":"HISTORIA DEL CLUB El ACD Benicense se constituy\u00f3 formalmente en julio de 1991, iniciando su actividad deportiva federativa en el a\u00f1o 1992. Desde su origen, el club nace como una asociaci\u00f3n deportiva sin \u00e1nimo de lucro, siendo su finalidad principal el fomento y la pr\u00e1ctica de la actividad f\u00edsico-deportiva, especialmente entre los j\u00f3venes de Benicasim.\u00a0La...","og_url":"https:\/\/acdbenicense.com\/?page_id=178","og_site_name":"ACD BENICENSE","article_modified_time":"2026-04-10T17:53:42+00:00","twitter_card":"summary_large_image","twitter_misc":{"Tiempo de lectura":"3 minutos"},"schema":{"@context":"https:\/\/schema.org","@graph":[{"@type":"WebPage","@id":"https:\/\/acdbenicense.com\/?page_id=178","url":"https:\/\/acdbenicense.com\/?page_id=178","name":"Historia - ACD BENICENSE","isPartOf":{"@id":"https:\/\/acdbenicense.com\/#website"},"datePublished":"2026-04-08T23:13:01+00:00","dateModified":"2026-04-10T17:53:42+00:00","breadcrumb":{"@id":"https:\/\/acdbenicense.com\/?page_id=178#breadcrumb"},"inLanguage":"es","potentialAction":[{"@type":"ReadAction","target":["https:\/\/acdbenicense.com\/?page_id=178"]}]},{"@type":"BreadcrumbList","@id":"https:\/\/acdbenicense.com\/?page_id=178#breadcrumb","itemListElement":[{"@type":"ListItem","position":1,"name":"Portada","item":"https:\/\/acdbenicense.com\/"},{"@type":"ListItem","position":2,"name":"Historia"}]},{"@type":"WebSite","@id":"https:\/\/acdbenicense.com\/#website","url":"https:\/\/acdbenicense.com\/","name":"ACD BENICENSE","description":"Asociaci\u00f3n Cultural y Deportiva Benicense","publisher":{"@id":"https:\/\/acdbenicense.com\/#organization"},"potentialAction":[{"@type":"SearchAction","target":{"@type":"EntryPoint","urlTemplate":"https:\/\/acdbenicense.com\/?s={search_term_string}"},"query-input":{"@type":"PropertyValueSpecification","valueRequired":true,"valueName":"search_term_string"}}],"inLanguage":"es"},{"@type":"Organization","@id":"https:\/\/acdbenicense.com\/#organization","name":"ACD BENICENSE","url":"https:\/\/acdbenicense.com\/","logo":{"@type":"ImageObject","inLanguage":"es","@id":"https:\/\/acdbenicense.com\/#\/schema\/logo\/image\/","url":"https:\/\/acdbenicense.com\/wp-content\/uploads\/2026\/04\/cropped-WhatsApp_Image_2025-09-23_at_14.59.18-removebg-preview-2.png","contentUrl":"https:\/\/acdbenicense.com\/wp-content\/uploads\/2026\/04\/cropped-WhatsApp_Image_2025-09-23_at_14.59.18-removebg-preview-2.png","width":272,"height":449,"caption":"ACD BENICENSE"},"image":{"@id":"https:\/\/acdbenicense.com\/#\/schema\/logo\/image\/"},"sameAs":["https:\/\/www.instagram.com\/acdbenicense\/?hl=es"]}]}},"_links":{"self":[{"href":"https:\/\/acdbenicense.com\/index.php?rest_route=\/wp\/v2\/pages\/178","targetHints":{"allow":["GET"]}}],"collection":[{"href":"https:\/\/acdbenicense.com\/index.php?rest_route=\/wp\/v2\/pages"}],"about":[{"href":"https:\/\/acdbenicense.com\/index.php?rest_route=\/wp\/v2\/types\/page"}],"author":[{"embeddable":true,"href":"https:\/\/acdbenicense.com\/index.php?rest_route=\/wp\/v2\/users\/1"}],"replies":[{"embeddable":true,"href":"https:\/\/acdbenicense.com\/index.php?rest_route=%2Fwp%2Fv2%2Fcomments&post=178"}],"version-history":[{"count":19,"href":"https:\/\/acdbenicense.com\/index.php?rest_route=\/wp\/v2\/pages\/178\/revisions"}],"predecessor-version":[{"id":384,"href":"https:\/\/acdbenicense.com\/index.php?rest_route=\/wp\/v2\/pages\/178\/revisions\/384"}],"wp:attachment":[{"href":"https:\/\/acdbenicense.com\/index.php?rest_route=%2Fwp%2Fv2%2Fmedia&parent=178"}],"curies":[{"name":"wp","href":"https:\/\/api.w.org\/{rel}","templated":true}]}}