{"id":129,"date":"2026-04-08T22:39:52","date_gmt":"2026-04-08T20:39:52","guid":{"rendered":"http:\/\/acdbenicense.com\/?page_id=129"},"modified":"2026-04-12T00:09:27","modified_gmt":"2026-04-11T22:09:27","slug":"inscripciones","status":"publish","type":"page","link":"https:\/\/acdbenicense.com\/?page_id=129","title":{"rendered":"Inscripciones"},"content":{"rendered":"<style>.kb-row-layout-id129_83ff17-37 > .kt-row-column-wrap{align-content:start;}:where(.kb-row-layout-id129_83ff17-37 > .kt-row-column-wrap) > .wp-block-kadence-column{justify-content:start;}.kb-row-layout-id129_83ff17-37 > .kt-row-column-wrap{column-gap:var(--global-kb-gap-md, 2rem);row-gap:var(--global-kb-gap-md, 2rem);max-width:600px;margin-left:auto;margin-right:auto;padding-top:0px;padding-right:0px;padding-bottom:140px;padding-left:0px;grid-template-columns:minmax(0, 1fr);}.kb-row-layout-id129_83ff17-37{background-image:url('https:\/\/acdbenicense.com\/wp-content\/uploads\/2026\/04\/Captura-de-pantalla-2026-04-11-150051.png');background-size:cover;background-position:center center;background-attachment:fixed;background-repeat:no-repeat;}.kb-row-layout-id129_83ff17-37 > .kt-row-layout-overlay{opacity:0.80;background-color:var(--global-palette1, #3182CE);mix-blend-mode:normal;}@media all and (max-width: 1024px), only screen and (min-device-width: 1024px) and (max-device-width: 1366px) and (-webkit-min-device-pixel-ratio: 2) and (hover: none){.kb-row-layout-id129_83ff17-37{background-attachment:scroll;}}@media all and (max-width: 1024px){.kb-row-layout-id129_83ff17-37 > .kt-row-column-wrap{grid-template-columns:minmax(0, 1fr);}}@media all and (max-width: 767px){.kb-row-layout-id129_83ff17-37 > .kt-row-column-wrap{padding-top:120px;padding-right:15px;padding-bottom:60px;padding-left:15px;grid-template-columns:minmax(0, 1fr);}}<\/style><div class=\"kb-row-layout-wrap kb-row-layout-id129_83ff17-37 alignfull kt-row-has-bg wp-block-kadence-rowlayout\"><div class=\"kt-row-layout-overlay kt-row-overlay-normal\"><\/div><div class=\"kt-row-column-wrap kt-has-1-columns kt-row-layout-equal kt-tab-layout-inherit kt-mobile-layout-row kt-row-valign-top\">\n<style>.kadence-column129_5a3c00-f6 > .kt-inside-inner-col{padding-top:10px;padding-right:10px;padding-bottom:10px;padding-left:10px;}.kadence-column129_5a3c00-f6 > .kt-inside-inner-col,.kadence-column129_5a3c00-f6 > .kt-inside-inner-col:before{border-top-left-radius:0px;border-top-right-radius:0px;border-bottom-right-radius:0px;border-bottom-left-radius:0px;}.kadence-column129_5a3c00-f6 > .kt-inside-inner-col{column-gap:var(--global-kb-gap-sm, 1rem);}.kadence-column129_5a3c00-f6 > .kt-inside-inner-col{flex-direction:column;}.kadence-column129_5a3c00-f6 > .kt-inside-inner-col > .aligncenter{width:100%;}.kadence-column129_5a3c00-f6 > .kt-inside-inner-col:before{opacity:0.3;}.kadence-column129_5a3c00-f6{position:relative;}@media all and (max-width: 1024px){.kadence-column129_5a3c00-f6 > .kt-inside-inner-col{flex-direction:column;justify-content:center;}}@media all and (max-width: 767px){.kadence-column129_5a3c00-f6 > .kt-inside-inner-col{flex-direction:column;justify-content:center;}}<\/style>\n<div class=\"wp-block-kadence-column kadence-column129_5a3c00-f6 inner-column-1\"><div class=\"kt-inside-inner-col\"><style>.wp-block-kadence-advancedheading.kt-adv-heading129_13d4c3-07, .wp-block-kadence-advancedheading.kt-adv-heading129_13d4c3-07[data-kb-block=\"kb-adv-heading129_13d4c3-07\"]{margin-bottom:26px;text-align:center;font-size:var(--global-kb-font-size-xl, 3rem);line-height:64px;font-style:normal;}.wp-block-kadence-advancedheading.kt-adv-heading129_13d4c3-07 mark.kt-highlight, .wp-block-kadence-advancedheading.kt-adv-heading129_13d4c3-07[data-kb-block=\"kb-adv-heading129_13d4c3-07\"] mark.kt-highlight{font-style:normal;color:#f76a0c;-webkit-box-decoration-break:clone;box-decoration-break:clone;padding-top:0px;padding-right:0px;padding-bottom:0px;padding-left:0px;}.wp-block-kadence-advancedheading.kt-adv-heading129_13d4c3-07 img.kb-inline-image, .wp-block-kadence-advancedheading.kt-adv-heading129_13d4c3-07[data-kb-block=\"kb-adv-heading129_13d4c3-07\"] img.kb-inline-image{width:150px;vertical-align:baseline;}@media all and (max-width: 767px){.wp-block-kadence-advancedheading.kt-adv-heading129_13d4c3-07, .wp-block-kadence-advancedheading.kt-adv-heading129_13d4c3-07[data-kb-block=\"kb-adv-heading129_13d4c3-07\"]{font-size:32px;line-height:36px;}}<\/style>\n<h1 class=\"kt-adv-heading129_13d4c3-07 wp-block-kadence-advancedheading has-theme-palette-9-color has-text-color\" data-kb-block=\"kb-adv-heading129_13d4c3-07\">Inscripciones 2026\/27<\/h1>\n\n\n\n<p><\/p>\n\n\n<style>.wp-block-kadence-advancedheading.kt-adv-heading129_dc0d83-46, .wp-block-kadence-advancedheading.kt-adv-heading129_dc0d83-46[data-kb-block=\"kb-adv-heading129_dc0d83-46\"]{margin-bottom:40px;text-align:center;font-style:normal;}.wp-block-kadence-advancedheading.kt-adv-heading129_dc0d83-46 mark.kt-highlight, .wp-block-kadence-advancedheading.kt-adv-heading129_dc0d83-46[data-kb-block=\"kb-adv-heading129_dc0d83-46\"] mark.kt-highlight{font-style:normal;color:#f76a0c;-webkit-box-decoration-break:clone;box-decoration-break:clone;padding-top:0px;padding-right:0px;padding-bottom:0px;padding-left:0px;}.wp-block-kadence-advancedheading.kt-adv-heading129_dc0d83-46 img.kb-inline-image, .wp-block-kadence-advancedheading.kt-adv-heading129_dc0d83-46[data-kb-block=\"kb-adv-heading129_dc0d83-46\"] img.kb-inline-image{width:150px;vertical-align:baseline;}<\/style>\n<p class=\"kt-adv-heading129_dc0d83-46 wp-block-kadence-advancedheading has-theme-palette-9-color has-text-color\" data-kb-block=\"kb-adv-heading129_dc0d83-46\">Para nuevas inscripciones informaci\u00f3n y reserva de plaza a trav\u00e9s del Whatsapp o tel\u00e9fono 659 56 41 47<\/p>\n<\/div><\/div>\n\n<\/div><\/div>\n\n\n<p><\/p>\n","protected":false},"excerpt":{"rendered":"<p>Inscripciones 2026\/27 Para nuevas inscripciones informaci\u00f3n y reserva de plaza a trav\u00e9s del Whatsapp o tel\u00e9fono 659 56 41 47<\/p>\n","protected":false},"author":1,"featured_media":0,"parent":0,"menu_order":0,"comment_status":"closed","ping_status":"closed","template":"","meta":{"_kad_post_transparent":"","_kad_post_title":"","_kad_post_layout":"","_kad_post_sidebar_id":"","_kad_post_content_style":"","_kad_post_vertical_padding":"","_kad_post_feature":"","_kad_post_feature_position":"","_kad_post_header":false,"_kad_post_footer":false,"_kad_post_classname":"","footnotes":""},"class_list":["post-129","page","type-page","status-publish","hentry"],"yoast_head":"<!-- This site is optimized with the Yoast SEO plugin v27.3 - https:\/\/yoast.com\/product\/yoast-seo-wordpress\/ -->\n<title>Inscripciones - ACD BENICENSE<\/title>\n<meta name=\"robots\" content=\"index, follow, max-snippet:-1, max-image-preview:large, max-video-preview:-1\" \/>\n<link rel=\"canonical\" href=\"https:\/\/acdbenicense.com\/?page_id=129\" \/>\n<meta property=\"og:locale\" content=\"es_ES\" \/>\n<meta property=\"og:type\" content=\"article\" \/>\n<meta property=\"og:title\" content=\"Inscripciones - ACD BENICENSE\" \/>\n<meta property=\"og:description\" content=\"Inscripciones 2026\/27 Para nuevas inscripciones informaci\u00f3n y reserva de plaza a trav\u00e9s del Whatsapp o tel\u00e9fono 659 56 41 47\" \/>\n<meta property=\"og:url\" content=\"https:\/\/acdbenicense.com\/?page_id=129\" \/>\n<meta property=\"og:site_name\" content=\"ACD BENICENSE\" \/>\n<meta property=\"article:modified_time\" content=\"2026-04-11T22:09:27+00:00\" \/>\n<meta name=\"twitter:card\" content=\"summary_large_image\" \/>\n<script type=\"application\/ld+json\" class=\"yoast-schema-graph\">{\"@context\":\"https:\\\/\\\/schema.org\",\"@graph\":[{\"@type\":\"WebPage\",\"@id\":\"https:\\\/\\\/acdbenicense.com\\\/?page_id=129\",\"url\":\"https:\\\/\\\/acdbenicense.com\\\/?page_id=129\",\"name\":\"Inscripciones - ACD BENICENSE\",\"isPartOf\":{\"@id\":\"https:\\\/\\\/acdbenicense.com\\\/#website\"},\"datePublished\":\"2026-04-08T20:39:52+00:00\",\"dateModified\":\"2026-04-11T22:09:27+00:00\",\"breadcrumb\":{\"@id\":\"https:\\\/\\\/acdbenicense.com\\\/?page_id=129#breadcrumb\"},\"inLanguage\":\"es\",\"potentialAction\":[{\"@type\":\"ReadAction\",\"target\":[\"https:\\\/\\\/acdbenicense.com\\\/?page_id=129\"]}]},{\"@type\":\"BreadcrumbList\",\"@id\":\"https:\\\/\\\/acdbenicense.com\\\/?page_id=129#breadcrumb\",\"itemListElement\":[{\"@type\":\"ListItem\",\"position\":1,\"name\":\"Portada\",\"item\":\"https:\\\/\\\/acdbenicense.com\\\/\"},{\"@type\":\"ListItem\",\"position\":2,\"name\":\"Inscripciones\"}]},{\"@type\":\"WebSite\",\"@id\":\"https:\\\/\\\/acdbenicense.com\\\/#website\",\"url\":\"https:\\\/\\\/acdbenicense.com\\\/\",\"name\":\"ACD BENICENSE\",\"description\":\"Asociaci\u00f3n Cultural y Deportiva Benicense\",\"publisher\":{\"@id\":\"https:\\\/\\\/acdbenicense.com\\\/#organization\"},\"potentialAction\":[{\"@type\":\"SearchAction\",\"target\":{\"@type\":\"EntryPoint\",\"urlTemplate\":\"https:\\\/\\\/acdbenicense.com\\\/?s={search_term_string}\"},\"query-input\":{\"@type\":\"PropertyValueSpecification\",\"valueRequired\":true,\"valueName\":\"search_term_string\"}}],\"inLanguage\":\"es\"},{\"@type\":\"Organization\",\"@id\":\"https:\\\/\\\/acdbenicense.com\\\/#organization\",\"name\":\"ACD BENICENSE\",\"url\":\"https:\\\/\\\/acdbenicense.com\\\/\",\"logo\":{\"@type\":\"ImageObject\",\"inLanguage\":\"es\",\"@id\":\"https:\\\/\\\/acdbenicense.com\\\/#\\\/schema\\\/logo\\\/image\\\/\",\"url\":\"https:\\\/\\\/acdbenicense.com\\\/wp-content\\\/uploads\\\/2026\\\/04\\\/cropped-WhatsApp_Image_2025-09-23_at_14.59.18-removebg-preview-2.png\",\"contentUrl\":\"https:\\\/\\\/acdbenicense.com\\\/wp-content\\\/uploads\\\/2026\\\/04\\\/cropped-WhatsApp_Image_2025-09-23_at_14.59.18-removebg-preview-2.png\",\"width\":272,\"height\":449,\"caption\":\"ACD BENICENSE\"},\"image\":{\"@id\":\"https:\\\/\\\/acdbenicense.com\\\/#\\\/schema\\\/logo\\\/image\\\/\"},\"sameAs\":[\"https:\\\/\\\/www.instagram.com\\\/acdbenicense\\\/?hl=es\"]}]}<\/script>\n<!-- \/ Yoast SEO plugin. -->","yoast_head_json":{"title":"Inscripciones - ACD BENICENSE","robots":{"index":"index","follow":"follow","max-snippet":"max-snippet:-1","max-image-preview":"max-image-preview:large","max-video-preview":"max-video-preview:-1"},"canonical":"https:\/\/acdbenicense.com\/?page_id=129","og_locale":"es_ES","og_type":"article","og_title":"Inscripciones - ACD BENICENSE","og_description":"Inscripciones 2026\/27 Para nuevas inscripciones informaci\u00f3n y reserva de plaza a trav\u00e9s del Whatsapp o tel\u00e9fono 659 56 41 47","og_url":"https:\/\/acdbenicense.com\/?page_id=129","og_site_name":"ACD BENICENSE","article_modified_time":"2026-04-11T22:09:27+00:00","twitter_card":"summary_large_image","schema":{"@context":"https:\/\/schema.org","@graph":[{"@type":"WebPage","@id":"https:\/\/acdbenicense.com\/?page_id=129","url":"https:\/\/acdbenicense.com\/?page_id=129","name":"Inscripciones - ACD BENICENSE","isPartOf":{"@id":"https:\/\/acdbenicense.com\/#website"},"datePublished":"2026-04-08T20:39:52+00:00","dateModified":"2026-04-11T22:09:27+00:00","breadcrumb":{"@id":"https:\/\/acdbenicense.com\/?page_id=129#breadcrumb"},"inLanguage":"es","potentialAction":[{"@type":"ReadAction","target":["https:\/\/acdbenicense.com\/?page_id=129"]}]},{"@type":"BreadcrumbList","@id":"https:\/\/acdbenicense.com\/?page_id=129#breadcrumb","itemListElement":[{"@type":"ListItem","position":1,"name":"Portada","item":"https:\/\/acdbenicense.com\/"},{"@type":"ListItem","position":2,"name":"Inscripciones"}]},{"@type":"WebSite","@id":"https:\/\/acdbenicense.com\/#website","url":"https:\/\/acdbenicense.com\/","name":"ACD BENICENSE","description":"Asociaci\u00f3n Cultural y Deportiva Benicense","publisher":{"@id":"https:\/\/acdbenicense.com\/#organization"},"potentialAction":[{"@type":"SearchAction","target":{"@type":"EntryPoint","urlTemplate":"https:\/\/acdbenicense.com\/?s={search_term_string}"},"query-input":{"@type":"PropertyValueSpecification","valueRequired":true,"valueName":"search_term_string"}}],"inLanguage":"es"},{"@type":"Organization","@id":"https:\/\/acdbenicense.com\/#organization","name":"ACD BENICENSE","url":"https:\/\/acdbenicense.com\/","logo":{"@type":"ImageObject","inLanguage":"es","@id":"https:\/\/acdbenicense.com\/#\/schema\/logo\/image\/","url":"https:\/\/acdbenicense.com\/wp-content\/uploads\/2026\/04\/cropped-WhatsApp_Image_2025-09-23_at_14.59.18-removebg-preview-2.png","contentUrl":"https:\/\/acdbenicense.com\/wp-content\/uploads\/2026\/04\/cropped-WhatsApp_Image_2025-09-23_at_14.59.18-removebg-preview-2.png","width":272,"height":449,"caption":"ACD BENICENSE"},"image":{"@id":"https:\/\/acdbenicense.com\/#\/schema\/logo\/image\/"},"sameAs":["https:\/\/www.instagram.com\/acdbenicense\/?hl=es"]}]}},"_links":{"self":[{"href":"https:\/\/acdbenicense.com\/index.php?rest_route=\/wp\/v2\/pages\/129","targetHints":{"allow":["GET"]}}],"collection":[{"href":"https:\/\/acdbenicense.com\/index.php?rest_route=\/wp\/v2\/pages"}],"about":[{"href":"https:\/\/acdbenicense.com\/index.php?rest_route=\/wp\/v2\/types\/page"}],"author":[{"embeddable":true,"href":"https:\/\/acdbenicense.com\/index.php?rest_route=\/wp\/v2\/users\/1"}],"replies":[{"embeddable":true,"href":"https:\/\/acdbenicense.com\/index.php?rest_route=%2Fwp%2Fv2%2Fcomments&post=129"}],"version-history":[{"count":6,"href":"https:\/\/acdbenicense.com\/index.php?rest_route=\/wp\/v2\/pages\/129\/revisions"}],"predecessor-version":[{"id":671,"href":"https:\/\/acdbenicense.com\/index.php?rest_route=\/wp\/v2\/pages\/129\/revisions\/671"}],"wp:attachment":[{"href":"https:\/\/acdbenicense.com\/index.php?rest_route=%2Fwp%2Fv2%2Fmedia&parent=129"}],"curies":[{"name":"wp","href":"https:\/\/api.w.org\/{rel}","templated":true}]}}